{"id":2,"date":"2011-05-12T01:00:24","date_gmt":"2011-05-12T00:00:24","guid":{"rendered":"http:\/\/beziehungsgarten.net\/wordpress\/?page_id=2"},"modified":"2011-05-12T09:19:38","modified_gmt":"2011-05-12T08:19:38","slug":"about","status":"publish","type":"page","link":"http:\/\/beziehungsgarten.net\/blog\/about","title":{"rendered":"\u00dcber den Beziehungsgarten"},"content":{"rendered":"<p>Hier im Beziehungsgarten bl\u00fchen und gedeihen offene Beziehungen neben Polyamorie und anderen alternativen Beziehungformen in ihrer gro\u00dfen Vielfalt.<\/p>\n<p>Es geht dabei um Zweifel und Fragen in Beziehungsdingen, um Grundlagen ebenso wie ganz pers\u00f6nliche Geschichten, um Freud und Leid, um Theorie und Praxis, um Wege und Ziele.<\/p>\n<p>Am Anfang des Beziehungsgartens stand der Wunsch nach Austausch mit Gleichgesinnten und damit die Er\u00f6ffnung eines <a href=\"http:\/\/beziehungsgarten.net\/forum\">Forums<\/a> (2008). Das Beziehungsgarten Blog ging 2011 online.<\/p>\n<p><strong>Du und der Beziehungsgarten<\/strong><\/p>\n<p>Der Beziehungsgarten w\u00e4chst und gedeiht auch dank deiner Gie\u00dfkanne: du kannst gerne hier einen Artikel beisteuern oder dich im <a href=\"http:\/\/beziehungsgarten.net\/forum\/\">Beziehungsgarten-Forum<\/a> mit Gleichgesinnten austauschen oder um Rat fragen.<br \/>\nIm <a href=\"http:\/\/beziehungsgarten.net\/forum\/\">Forum<\/a> kannst du die Artikel, die du hier gelesen hast auch kommentieren und mit anderen diskutieren.<br \/>\n<strong><\/strong><\/p>\n<p><strong>Wir&#8230;<\/strong><\/p>\n<p><strong><\/strong>Wir sind eine gute handvoll Menschen, die sich gerne Gedanken machen \u00fcber Beziehungen. Wir lieben und leben in polyamoren Beziehungen, in offener Ehe, in Mehrfachbeziehungen oder auch mal als Single. Wir sind deshalb wohl nicht ganz normal &#8211; und das ist gut so. Au\u00dferdem sind wir sind hetero- oder bisexuell, lesbisch oder irgendwas dazwischen oder dahinter. Wir sind zwischen Mitte zwanzig und Mitte vierzig, wir sind Liebende und Geliebte (aber keine heimlichen),\u00a0und manche von uns sind Lebenspartner und Eltern.<br \/>\nWir wollen unterschiedliche Beziehungsformen nicht bewerten oder beurteilen und glauben nicht daran, dass es eine \u201crichtige\u201d oder eine \u201cfalsche\u201d Lebens- und Beziehungsform gibt &#8211; genausowenig wie es den einen \u201crichtigen\u201d Partner geben muss.<br \/>\nStattdessen w\u00fcnschen wir uns eine Welt, in der jeder sein Leben und seine Beziehungen nach den eigenen W\u00fcnschen und im Einvernehmen mit seinem Partner (oder seinen Partnern) frei gestalten kann. Wir w\u00fcnschen uns weniger Schwarz-Wei\u00df und mehr Buntheit, einen farbenfrohen, \u00fcppigen Beziehungsgarten.<\/p>\n","protected":false},"excerpt":{"rendered":"<p>Hier im Beziehungsgarten bl\u00fchen und gedeihen offene Beziehungen neben Polyamorie und anderen alternativen Beziehungformen in ihrer gro\u00dfen Vielfalt. Es geht dabei um Zweifel und Fragen in Beziehungsdingen, um Grundlagen ebenso wie ganz pers\u00f6nliche Geschichten, um Freud und Leid, um Theorie und Praxis, um Wege und Ziele. Am Anfang des Beziehungsgartens stand der Wunsch nach Austausch [&hellip;]<\/p>\n","protected":false},"author":1,"featured_media":0,"parent":0,"menu_order":0,"comment_status":"closed","ping_status":"closed","template":"","meta":{"footnotes":""},"_links":{"self":[{"href":"http:\/\/beziehungsgarten.net\/blog\/wp-json\/wp\/v2\/pages\/2"}],"collection":[{"href":"http:\/\/beziehungsgarten.net\/blog\/wp-json\/wp\/v2\/pages"}],"about":[{"href":"http:\/\/beziehungsgarten.net\/blog\/wp-json\/wp\/v2\/types\/page"}],"author":[{"embeddable":true,"href":"http:\/\/beziehungsgarten.net\/blog\/wp-json\/wp\/v2\/users\/1"}],"replies":[{"embeddable":true,"href":"http:\/\/beziehungsgarten.net\/blog\/wp-json\/wp\/v2\/comments?post=2"}],"version-history":[{"count":16,"href":"http:\/\/beziehungsgarten.net\/blog\/wp-json\/wp\/v2\/pages\/2\/revisions"}],"predecessor-version":[{"id":217,"href":"http:\/\/beziehungsgarten.net\/blog\/wp-json\/wp\/v2\/pages\/2\/revisions\/217"}],"wp:attachment":[{"href":"http:\/\/beziehungsgarten.net\/blog\/wp-json\/wp\/v2\/media?parent=2"}],"curies":[{"name":"wp","href":"https:\/\/api.w.org\/{rel}","templated":true}]}}