{"id":31,"date":"2011-05-12T01:00:25","date_gmt":"2011-05-12T00:00:25","guid":{"rendered":"http:\/\/beziehungsgarten.net\/wordpress\/?page_id=31"},"modified":"2011-05-12T09:20:05","modified_gmt":"2011-05-12T08:20:05","slug":"mitmachen","status":"publish","type":"page","link":"http:\/\/beziehungsgarten.net\/blog\/mitmachen","title":{"rendered":"Mitmachen"},"content":{"rendered":"<p>Der Beziehungsgarten w\u00e4chst und gedeiht auch dank dir: Jeder kann hier Beitr\u00e4ge\/Artikel beisteuern, auch wenn es nur ein einziger ist.<\/p>\n<p><span style=\"font-weight: bold;\">Wie kannst du mitmachen?<\/span><\/p>\n<p>Jeder kann einen oder mehrere Artikel\/Beitr\u00e4ge beisteuern, am einfachsten per email an die Redaktion.<br \/>\nDas kann einmalig, ab und zu oder auch \u00fcber l\u00e4ngere Zeit regelm\u00e4ssig sein &#8211; ganz wie du m\u00f6chtest.<br \/>\nWenn du Ideen, Themen oder Fragestellungen f\u00fcr Artikel\/Beitr\u00e4ge hier im Beziehungsgarten-Blog hast, die noch nicht vollst\u00e4ndig ausgearbeitet sind, f\u00fcr die du Feedback, Hilfe oder Mitarbeit suchst, kannst du uns diese auch gerne mailen.<\/p>\n<div>\n<p><span style=\"font-weight: bold;\">Ein Beitrag k\u00f6nnte sein:<\/span><\/p>\n<ul>\n<li> deine pers\u00f6nliche Geschichte wie du zu nicht-konventionellen Beziehungen gekommen bist, oder wie du damit lebst<\/li>\n<li> ein Text \u00fcber ein Beziehungsthema<\/li>\n<li> ein Gedicht, eine Kurzgeschichte<\/li>\n<li> ein Interview<\/li>\n<li> eine Zeichnung, Comic etc.<\/li>\n<li> die \u00dcbersetzung eines tollen Textes<\/li>\n<li> eine Film- oder Buchbesprechung<\/li>\n<li> ein eigener Podcast oder ein eigenes Video<\/li>\n<li>&#8230; was dir noch einf\u00e4llt und inhaltlich zum Beziehungsgarten passt<\/li>\n<\/ul>\n<p>Zwei Dinge sind zu beachten: Inhaltlich sollten Beitr\u00e4ge Bezug zu den Themen des Beziehungsgartens haben, au\u00dferdem stellen wir nur Inhalte ein, die ihr selbst verfasst habt, deren Rechte frei sind (z.B. creative commons), oder deren Autor euch eine ausdr\u00fcckliche Zustimmung f\u00fcr die Ver\u00f6ffentlichung im Beziehungsgarten gegeben hat.<\/p>\n<p><span style=\"font-weight: bold;\"><strong>Kontakt zur Redaktion:<\/strong> beziehungsgarten@gmail.com<\/span><\/p>\n<\/div>\n","protected":false},"excerpt":{"rendered":"<p>Der Beziehungsgarten w\u00e4chst und gedeiht auch dank dir: Jeder kann hier Beitr\u00e4ge\/Artikel beisteuern, auch wenn es nur ein einziger ist. Wie kannst du mitmachen? Jeder kann einen oder mehrere Artikel\/Beitr\u00e4ge beisteuern, am einfachsten per email an die Redaktion. Das kann einmalig, ab und zu oder auch \u00fcber l\u00e4ngere Zeit regelm\u00e4ssig sein &#8211; ganz wie du [&hellip;]<\/p>\n","protected":false},"author":1,"featured_media":0,"parent":0,"menu_order":5,"comment_status":"closed","ping_status":"closed","template":"","meta":{"footnotes":""},"_links":{"self":[{"href":"http:\/\/beziehungsgarten.net\/blog\/wp-json\/wp\/v2\/pages\/31"}],"collection":[{"href":"http:\/\/beziehungsgarten.net\/blog\/wp-json\/wp\/v2\/pages"}],"about":[{"href":"http:\/\/beziehungsgarten.net\/blog\/wp-json\/wp\/v2\/types\/page"}],"author":[{"embeddable":true,"href":"http:\/\/beziehungsgarten.net\/blog\/wp-json\/wp\/v2\/users\/1"}],"replies":[{"embeddable":true,"href":"http:\/\/beziehungsgarten.net\/blog\/wp-json\/wp\/v2\/comments?post=31"}],"version-history":[{"count":26,"href":"http:\/\/beziehungsgarten.net\/blog\/wp-json\/wp\/v2\/pages\/31\/revisions"}],"predecessor-version":[{"id":218,"href":"http:\/\/beziehungsgarten.net\/blog\/wp-json\/wp\/v2\/pages\/31\/revisions\/218"}],"wp:attachment":[{"href":"http:\/\/beziehungsgarten.net\/blog\/wp-json\/wp\/v2\/media?parent=31"}],"curies":[{"name":"wp","href":"https:\/\/api.w.org\/{rel}","templated":true}]}}