{"id":40,"date":"2011-05-12T01:00:36","date_gmt":"2011-05-12T00:00:36","guid":{"rendered":"http:\/\/beziehungsgarten.net\/wordpress\/?page_id=40"},"modified":"2011-05-12T09:49:17","modified_gmt":"2011-05-12T08:49:17","slug":"hilfe","status":"publish","type":"page","link":"http:\/\/beziehungsgarten.net\/blog\/hilfe","title":{"rendered":"Hilfe"},"content":{"rendered":"<p>Hilfe in Beziehungsfragen findest du sicherlich im <a href=\"http:\/\/beziehungsgarten.net\/forum\">Forum<\/a>.<\/p>\n<p>Hier findest du Tipps und Antworten zu h\u00e4ufigen Fragen, die diese Seiten betreffen..<\/p>\n<p><strong>a) Registrieren<\/strong><\/p>\n<p>Du kannst dich ganz einfach als Benutzer im Beziehungsgarten registrieren unter <a href=\"http:\/\/beziehungsgarten.net\/blog\/wp-register.php\">diesem Link<\/a>.<\/p>\n<p>Bitte  beachte: Leider ist es derzeit nicht m\u00f6glich, die  Registrierungsdaten  vom Beziehungsgarten-Forum auch hier zu  verwenden. Falls du schon  im Forum registriert bist, kannst du dich  nicht automatisch mit den  Zugangsdaten von dort hier einloggen. Du  kannst aber nat\u00fcrlich bei  deiner Registrierung hier den gleichen  Nicknamen wie im Forum angeben.<\/p>\n<p><strong>b) Anmelden (einloggen)<\/strong><\/p>\n<p>Falls du dich nicht einloggen kannst, versuche folgendes:<br \/>\n&#8211; die <a href=\"http:\/\/beziehungsgarten.net\/blog\/wp-login.php?action=lostpassword\">&#8222;Passwort vergessen&#8220;<\/a>-Funktion<br \/>\n&#8211;  Falls du im <a href=\"http:\/\/beziehungsgarten.net\/forum\">Forum<\/a> Mitglied bist, gilt deine Registrierung im   Forum nicht automatisch hier. Du brauchst eine extra Registrierung f\u00fcr   die Seiten hier. Siehe Punkt Registrierung.<\/p>\n<p><strong>c) Abonnieren<\/strong><\/p>\n<p>Du kannst \u00fcber neue Artikel und oder Kommentare informiert werden:<br \/>\n-per <a href=\"http:\/\/beziehungsgarten.net\/blog\/feed\">RSS-Feed<\/a><\/p>\n<p><strong>d) Mitmachen<\/strong><\/p>\n<p>Wir freuen uns \u00fcber Beteiligung. <a href=\"http:\/\/beziehungsgarten.net\/blog\/mitmachen\">Hier<\/a> erf\u00e4hrst du mehr \u00fcber die M\u00f6glichkeiten, beim Blog mitzumachen.<\/p>\n","protected":false},"excerpt":{"rendered":"<p>Hilfe in Beziehungsfragen findest du sicherlich im Forum. Hier findest du Tipps und Antworten zu h\u00e4ufigen Fragen, die diese Seiten betreffen.. a) Registrieren Du kannst dich ganz einfach als Benutzer im Beziehungsgarten registrieren unter diesem Link. Bitte beachte: Leider ist es derzeit nicht m\u00f6glich, die Registrierungsdaten vom Beziehungsgarten-Forum auch hier zu verwenden. Falls du schon [&hellip;]<\/p>\n","protected":false},"author":1,"featured_media":0,"parent":0,"menu_order":99,"comment_status":"closed","ping_status":"open","template":"","meta":{"footnotes":""},"_links":{"self":[{"href":"http:\/\/beziehungsgarten.net\/blog\/wp-json\/wp\/v2\/pages\/40"}],"collection":[{"href":"http:\/\/beziehungsgarten.net\/blog\/wp-json\/wp\/v2\/pages"}],"about":[{"href":"http:\/\/beziehungsgarten.net\/blog\/wp-json\/wp\/v2\/types\/page"}],"author":[{"embeddable":true,"href":"http:\/\/beziehungsgarten.net\/blog\/wp-json\/wp\/v2\/users\/1"}],"replies":[{"embeddable":true,"href":"http:\/\/beziehungsgarten.net\/blog\/wp-json\/wp\/v2\/comments?post=40"}],"version-history":[{"count":15,"href":"http:\/\/beziehungsgarten.net\/blog\/wp-json\/wp\/v2\/pages\/40\/revisions"}],"predecessor-version":[{"id":222,"href":"http:\/\/beziehungsgarten.net\/blog\/wp-json\/wp\/v2\/pages\/40\/revisions\/222"}],"wp:attachment":[{"href":"http:\/\/beziehungsgarten.net\/blog\/wp-json\/wp\/v2\/media?parent=40"}],"curies":[{"name":"wp","href":"https:\/\/api.w.org\/{rel}","templated":true}]}}